{"id":360,"date":"2015-02-12T10:18:12","date_gmt":"2015-02-12T10:18:12","guid":{"rendered":"http:\/\/ijbd.eu\/?page_id=360"},"modified":"2015-02-12T10:18:12","modified_gmt":"2015-02-12T10:18:12","slug":"programowanie-w-anegdotach","status":"publish","type":"page","link":"https:\/\/ijbd.eu\/?page_id=360","title":{"rendered":"Programowanie w anegdotach"},"content":{"rendered":"<p><strong>Wp\u0142yw narz\u0119dzi na produkt<\/strong>. Klient Henergo Forda m\u00f3g\u0142 mie\u0107 samoch\u00f3d w wybranym przez siebie kolorze pod warunkiem, \u017ce wybra\u0142 kolor czarny. Taka by\u0142a w\u00f3wczas cena masowej produkcji samochod\u00f3w. Zamieszczona ni\u017cej prezentacja po\u015bwi\u0119ca zadziwiaj\u0105co du\u017co czasu stolarstwu i r\u0119cznej obr\u00f3bce drewna jak na materia\u0142 wyg\u0142oszony na konferencji o j\u0119zyku programowania. Daje jednak du\u017co do my\u015blenia o tym jak wybrane narz\u0119dzie zmienia tworzony produkt.<\/p>\n<p><iframe loading=\"lazy\" title=\"Tim Ewald - Clojure: Programming with Hand Tools\" width=\"625\" height=\"352\" src=\"https:\/\/www.youtube.com\/embed\/ShEez0JkOFw?feature=oembed\" frameborder=\"0\" allow=\"accelerometer; autoplay; clipboard-write; encrypted-media; gyroscope; picture-in-picture; web-share\" referrerpolicy=\"strict-origin-when-cross-origin\" allowfullscreen><\/iframe><\/p>\n<p>&nbsp;<\/p>\n<p>&nbsp;<\/p>\n","protected":false},"excerpt":{"rendered":"<p>Wp\u0142yw narz\u0119dzi na produkt. Klient Henergo Forda m\u00f3g\u0142 mie\u0107 samoch\u00f3d w wybranym przez siebie kolorze pod warunkiem, \u017ce wybra\u0142 kolor czarny. Taka by\u0142a w\u00f3wczas cena masowej produkcji samochod\u00f3w. Zamieszczona ni\u017cej prezentacja po\u015bwi\u0119ca zadziwiaj\u0105co du\u017co czasu stolarstwu i r\u0119cznej obr\u00f3bce drewna jak na materia\u0142 wyg\u0142oszony na konferencji o j\u0119zyku programowania. Daje jednak du\u017co do my\u015blenia o [&hellip;]<\/p>\n","protected":false},"author":2,"featured_media":0,"parent":79,"menu_order":0,"comment_status":"open","ping_status":"open","template":"","meta":{"jetpack_post_was_ever_published":false,"footnotes":""},"class_list":["post-360","page","type-page","status-publish","hentry"],"jetpack_shortlink":"https:\/\/wp.me\/P4qwq1-5O","jetpack_sharing_enabled":true,"_links":{"self":[{"href":"https:\/\/ijbd.eu\/index.php?rest_route=\/wp\/v2\/pages\/360","targetHints":{"allow":["GET"]}}],"collection":[{"href":"https:\/\/ijbd.eu\/index.php?rest_route=\/wp\/v2\/pages"}],"about":[{"href":"https:\/\/ijbd.eu\/index.php?rest_route=\/wp\/v2\/types\/page"}],"author":[{"embeddable":true,"href":"https:\/\/ijbd.eu\/index.php?rest_route=\/wp\/v2\/users\/2"}],"replies":[{"embeddable":true,"href":"https:\/\/ijbd.eu\/index.php?rest_route=%2Fwp%2Fv2%2Fcomments&post=360"}],"version-history":[{"count":1,"href":"https:\/\/ijbd.eu\/index.php?rest_route=\/wp\/v2\/pages\/360\/revisions"}],"predecessor-version":[{"id":361,"href":"https:\/\/ijbd.eu\/index.php?rest_route=\/wp\/v2\/pages\/360\/revisions\/361"}],"up":[{"embeddable":true,"href":"https:\/\/ijbd.eu\/index.php?rest_route=\/wp\/v2\/pages\/79"}],"wp:attachment":[{"href":"https:\/\/ijbd.eu\/index.php?rest_route=%2Fwp%2Fv2%2Fmedia&parent=360"}],"curies":[{"name":"wp","href":"https:\/\/api.w.org\/{rel}","templated":true}]}}